{"id":3580,"date":"2020-11-04T13:31:35","date_gmt":"2020-11-04T13:31:35","guid":{"rendered":"http:\/\/www.comunidadecasadepaz.com.br\/mesmerize\/"},"modified":"2024-02-29T15:36:53","modified_gmt":"2024-02-29T18:36:53","slug":"mesmerize","status":"publish","type":"page","link":"https:\/\/www.comunidadecasadepaz.com.br\/","title":{"rendered":"Igreja"},"content":{"rendered":"<div  data-label=\"Enviados\" data-id=\"about--1\" data-export-id=\"about-9\" data-category=\"about\" class=\"about-9 content-section content-section-spacing\" id=\"enviados\" style=\"background-color: #f5fafd;\">\n<div  class=\"gridContainer\">\n<div  class=\"row middle-sm text-center\">\n<div  class=\"col-sm-5 space-bottom-xs content-column content-right-sm\" data-type=\"column\">\n<h5  class=\"\">ENVIADOS PARA O SOL NASCENTE<\/h5>\n<h2  class=\"\">NO SOL NASCENTE<\/h2>\n<p><span  style=\"font-family: Playfair Display, sans-serif;\" class=\"\"><b ><i >a igreja est\u00e1<\/i><\/b><\/span>&nbsp;com o prop\u00f3sito de amar pessoas e transform\u00e1-las<\/p>\n<p  class=\"\">Nessa comunidade estamos descobrindo talentos e acreditamos no potencial desse povo, que sendo tratado com respeito e amor, o evangelho encontrar\u00e1 espa\u00e7o para transforma-las e promove-las. Fomos enviados aos Sol Nascente..<\/p>\n<\/div>\n<div  class=\"col-sm-7 flexbox flexbox middle-xs center-xs space-bottom-xs\">\n<div  class=\"overlay-box flexbox middle-xs center-xs overlay-holder \">\n<div  class=\"overlay-box-offset offset-background shadow-medium bg-color2 hide-xs\"><\/div>\n<p><img  decoding=\"async\" class=\"flexbox shadow-large img1\" src=\"http:\/\/www.comunidadecasadepaz.com.br\/wp-content\/uploads\/2022\/12\/cropped-DSC_1132.jpg\" data-size=\"600x400\" alt=\"\" title=\"cropped-DSC_1132.jpg\"><\/p>\n<\/div>\n<\/div>\n<\/div>\n<\/div>\n<\/div>\n<div  id=\"ir-discipular-e-enviar\" style=\"background-color: #f5fafd; background-image: none;\" data-label=\"Ir Discipular e Enviar\" data-id=\"features-ov-4-mc\" data-export-id=\"features-ov-4-mc\" data-category=\"features\" class=\"features-ov-4-mc content-section content-section-spacing\">\n<div  class=\"gridContainer\">\n<div  data-type=\"row\" class=\"row spaced-cols text-center\">\n<div  class=\"col-xs-12 col-sm-4 col-padding col-md-4 \">\n<p><i  class=\"fa icon shadow-large-black aligncenter color1 fa-arrow-right reverse round large\"><\/i><\/p>\n<div  data-type=\"column\" class=\"\">\n<h5  class=\"font-400\">SENSO DE MISS\u00c3O (IR)<\/h5>\n<p  class=\"\">Alcan\u00e7ar pessoas, o evangelho precisa ser pregado para que outras pessoas possam crer.<\/p>\n<\/div>\n<\/div>\n<div  class=\"col-xs-12 col-sm-4 col-padding col-md-4 \">\n<p><i  class=\"fa icon shadow-large-black aligncenter color2 fa-heart-o reverse round large\"><\/i><\/p>\n<div  data-type=\"column\" class=\"\">\n<h5  class=\"font-400\">SENSO DE DIRE\u00c7\u00c3O (DISCIPULAR)<\/h5>\n<p  class=\"\">Precisamos aprender a cultura crist\u00e3. O evangelho \u00e9 baseado em conhecimento verdadeiro que precisa ser ensinado e compartilhado. Jesus nos chama ao aprendizado.<\/p>\n<\/div>\n<\/div>\n<div  class=\"col-xs-12 col-sm-4 col-padding col-md-4 \">\n<p><i  class=\"fa icon shadow-large-black aligncenter color4 fa-group reverse round large\"><\/i><\/p>\n<div  data-type=\"column\" class=\"\">\n<h5  class=\"font-400\">SENSO DE PROP\u00d3SITO (ENVIAR)<\/h5>\n<p  class=\"\">O prop\u00f3sito de cada crist\u00e3o \u00e9 preparar outros para a obra do minist\u00e9rio. Cada um precisa ser preparado para propagar as boas novas.<\/p>\n<\/div>\n<\/div>\n<\/div>\n<\/div>\n<\/div>\n<div  id=\"unidos\" style=\"background-color: #ffffff;\" data-label=\"Unidos\" data-id=\"features-16-card-bordered-mc\" data-export-id=\"features-16-card-bordered-mc\" data-bullets-visibility=\"true\" data-category=\"features\" class=\"features-16-card-bordered-mc content-section content-section-spacing\">\n<div  class=\"gridContainer\">\n<div  class=\"row text-center\">\n<div  class=\"section-title-col\" data-type=\"column\">\n<h5  class=\"\">REUNI\u00d5ES NA COMUNIDADE CASA DE PAZ<\/h5>\n<h2  class=\"\">Viva a Comunh\u00e3o<\/h2>\n<p  class=\"lead\">Para sermos Corpo de Cristo precisamos estar conectando com outras pessoas.<\/p>\n<\/div>\n<\/div>\n<div  class=\"row spaced-cols\" data-type=\"row\">\n<div  class=\"col-xs-12 col-sm-6 col-md-4\">\n<div  class=\"card no-padding bordered y-move\">\n<p><a data-cp-link=\"1\" href=\"#\" target=\"_self\" rel=\"noopener noreferrer\"><img  decoding=\"async\" class=\"face\" src=\"http:\/\/www.comunidadecasadepaz.com.br\/wp-content\/uploads\/2020\/05\/cropped-DSC_8660.jpg\"><\/a><\/p>\n<div  data-type=\"column\" class=\"col-padding-small col-padding-small-xs description-container\">\n<h4  class=\"font-500\">C\u00c9LULAS ON-LINE<\/h4>\n<p  class=\"\">A pr\u00e1tica das reuni\u00f5es de pequenos grupos \u00e9 essencial para a vida crist\u00e3. A comunh\u00e3o \u00e9 uma ferramenta importante nos dias de hoje.<\/p>\n<\/div>\n<div  data-type=\"column\" class=\"col-padding-small col-padding-small-xs read-more-container\"><a class=\"link\" href=\"http:\/\/www.comunidadecasadepaz.com.br\/2020\/05\/15\/quem-tem-orado-por-voce-quem-esta-orando-com-voce\" target=\"_self\" data-cp-link=\"1\" rel=\"noopener noreferrer\">leia mais<\/a><\/div>\n<\/div>\n<\/div>\n<div  class=\"col-xs-12 col-sm-6 col-md-4\">\n<div  class=\"card no-padding bordered y-move\">\n<p><img  decoding=\"async\" class=\"face\" src=\"http:\/\/www.comunidadecasadepaz.com.br\/wp-content\/uploads\/2023\/02\/cropped-DSC_0548.jpg\" alt=\"\" title=\"cropped-DSC_0548.jpg\"><\/p>\n<div  data-type=\"column\" class=\"col-padding-small col-padding-small-xs description-container\">\n<h4  class=\"font-500\">CULTO<\/h4>\n<p  class=\"\">Realizamos cultos presenciais nos domingo, \u00e0s 10h. Mais que assistir, o p\u00f3s-culto \u00e9 um momento importante de intera\u00e7\u00e3o e amor.<\/p>\n<\/div>\n<div  data-type=\"column\" class=\"col-padding-small col-padding-small-xs read-more-container\"><a class=\"link\" href=\"http:\/\/www.comunidadecasadepaz.com.br\/2020\/08\/03\/voce-nao-esta-preso\" target=\"_self\" data-cp-link=\"1\" rel=\"noopener noreferrer\">leia mais<\/a><\/div>\n<\/div>\n<\/div>\n<div  class=\"col-xs-12 col-sm-6 col-md-4\">\n<div  class=\"card no-padding bordered y-move\">\n<p><img  decoding=\"async\" class=\"face\" src=\"http:\/\/www.comunidadecasadepaz.com.br\/wp-content\/uploads\/2022\/12\/cropped-cantata1.jpg\" alt=\"\" title=\"cropped-cantata1.jpg\"><\/p>\n<div  data-type=\"column\" class=\"col-padding-small col-padding-small-xs description-container\">\n<h4  class=\"font-500\">OBRA SOCIAL<\/h4>\n<p  class=\"\">Ajudar pessoas gera comunh\u00e3o. O estar PRESENTE com um prop\u00f3sito \u00e9 fonte de amor e uni\u00e3o.<\/p>\n<\/div>\n<div  data-type=\"column\" class=\"col-padding-small col-padding-small-xs read-more-container\"><a class=\"link\" href=\"http:\/\/www.correntebrasilia.com.br\" target=\"_self\" data-cp-link=\"1\" rel=\"noopener noreferrer\">leia mais<\/a><\/div>\n<\/div>\n<\/div>\n<\/div>\n<\/div>\n<\/div>\n<div  id=\"youtube\" style=\"background-color: #f5fafd;\" data-label=\"Youtube\" data-id=\"about-images-right-section-mc\" data-export-id=\"about-images-right-section-mc\" data-category=\"about\" class=\"about-images-right-section-mc content-section content-section-spacing\" data-bullets-visibility=\"true\">\n<div  class=\"gridContainer\">\n<div  class=\"row middle-sm text-center\">\n<div  class=\"col-sm-5 content-right-sm\" data-type=\"column\">\n<h5  class=\"\">ASSISTA AO VIVO NOSSAS REUNI\u00d5ES<\/h5>\n<h2  class=\"\">Tenha a oportunidade de participar virtualmente de nossas reuni\u00f5es<\/h2>\n<p  class=\"\">Temos cultos regulares nos domingos, \u00e0s 10h. Voc\u00ea pode participar presencialmente ou virtualmente. Sempre um momento de adora\u00e7\u00e3o, palavra e comunh\u00e3o. O culto a Deus \u00e9 um fundamento muito importante da igreja.<\/p>\n<p><a class=\"button color1\" href=\"http:\/\/canal.comunidadecasadepaz.com.br\" target=\"_blank\" data-cp-link=\"1\" rel=\"noopener noreferrer\">CANAL DO YOUTUBE<\/a><\/p>\n<\/div>\n<div  class=\"col-sm-7 space-bottom-xs\">\n<div  class=\"image-group-side-3-img\">\n<p><img  decoding=\"async\" class=\"topimg shadow-large\" src=\"http:\/\/www.comunidadecasadepaz.com.br\/wp-content\/uploads\/2022\/12\/cropped-DSC_2541.jpg\" alt=\"\" title=\"cropped-DSC_2541.jpg\"> <img  decoding=\"async\" class=\"rightimg shadow-large\" src=\"http:\/\/www.comunidadecasadepaz.com.br\/wp-content\/uploads\/2022\/08\/cropped-casadepaz6.jpg\" alt=\"\" title=\"cropped-casadepaz6.jpg\"><\/p>\n<div  class=\"leftimg\"><img  decoding=\"async\" class=\"shadow-large\" src=\"http:\/\/www.comunidadecasadepaz.com.br\/wp-content\/uploads\/2023\/03\/cropped-DSC7267.jpg\" alt=\"\" title=\"cropped-DSC7267.jpg\"><\/div>\n<\/div>\n<\/div>\n<\/div>\n<\/div>\n<\/div>\n<div  id=\"corrente\" style=\"background-color: #f5fafd;\" data-label=\"Corrente\" data-id=\"content-7-mc\" data-export-id=\"content-7-mc\" data-category=\"content\" class=\"content-7-mc content-section content-section-spacing\">\n<div  class=\"gridContainer\">\n<div  class=\"row middle-sm\">\n<div  class=\"col-sm-6 space-bottom-xs\" data-type=\"column\">\n<h2  class=\"\">PRESENTE EM HIST\u00d3RIAS REAIS<\/h2>\n<p  class=\"\">Acreditamos na importancia de sermos ativos socialmente e ajudarmos pessoas, nossas doa\u00e7\u00f5es e volunt\u00e1rios promovem uma grande obra social.<\/p>\n<p><a class=\"button color1\" href=\"http:\/\/www.comunidadecasadepaz.com.br\/www.correntebrasilia.com.br\" target=\"_self\" data-cp-link=\"1\" rel=\"noopener noreferrer\">Conhe\u00e7a a CORRENTE DO BEM BRAS\u00cdLIA<\/a><\/p>\n<\/div>\n<div  class=\"col-sm-6\" data-type=\"column\"><img  decoding=\"async\" class=\"shadow-large\" src=\"http:\/\/www.comunidadecasadepaz.com.br\/wp-content\/uploads\/2022\/12\/cropped-DSC_1147-1.jpg\" alt=\"\" title=\"cropped-DSC_1147-1.jpg\"><\/div>\n<\/div>\n<\/div>\n<\/div>\n<div  id=\"escola\" style=\"background-color: #ffffff; background-image: none;\" data-label=\"Escola\" data-id=\"content-8-mc\" data-export-id=\"content-8-mc\" data-category=\"content\" class=\"content-8-mc content-section content-section-spacing\">\n<div  class=\"gridContainer\">\n<div  class=\"row middle-sm\">\n<div  class=\"col-sm-6 space-bottom-xs space-top-xs\" data-type=\"column\"><a data-cp-link=\"1\" href=\"#\" class=\"\" target=\"_self\" rel=\"noopener noreferrer\"><img  decoding=\"async\" class=\"shadow-large\" src=\"http:\/\/www.comunidadecasadepaz.com.br\/wp-content\/uploads\/2020\/07\/cropped-casadeformacao1-scaled-1.jpg\"><\/a><\/div>\n<div  class=\"col-sm-6\" data-type=\"column\">\n<h2  class=\"\">CASA DE FORMA\u00c7\u00c3O CRIST\u00c3<\/h2>\n<p  class=\"\">Nossa escola crist\u00e3o \u00e9 totalmente on-line. Faz parte do nosso DISCIPULAR a transfer\u00eancia de conhecimento e cultura crist\u00e3. Queremos ensinar para que futuramente os alunos tamb\u00e9m possam ensinar, assim preparando pessoas para a obra do minist\u00e9rio.<\/p>\n<p><a class=\"button blue\" href=\"http:\/\/www.comunidadecasadepaz.com.br\/inscricao\" target=\"_self\" data-cp-link=\"1\" rel=\"noopener noreferrer\">INSCRI\u00c7\u00c3O<\/a><a class=\"button color1\" href=\"http:\/\/escola.comunidadecasadepaz.com.br\" target=\"_self\" data-cp-link=\"1\" rel=\"noopener noreferrer\">ESCOLA ON-LINE<\/a><\/p>\n<\/div>\n<\/div>\n<\/div>\n<\/div>\n<div  id=\"oferta\" style=\"background-color: #f5fafd;\" data-label=\"Oferta\" data-id=\"cta-blue-section-mc\" data-export-id=\"cta-blue-section-mc\" data-category=\"cta\" class=\"cta-blue-section-mc content-section content-section-spacing le_cocktail white-text\">\n<div  class=\"gridContainer\">\n<div  class=\"row middle-xs\">\n<div  class=\"col-sm-8 space-bottom-xs\" data-type=\"column\">\n<h2  class=\"\">Fa\u00e7a sua contribui\u00e7\u00e3o on-line<\/h2>\n<\/div>\n<div  class=\"col-sm-4 end-sm\" data-type=\"column\"><a class=\"button color2\" href=\"http:\/\/oferta.comunidadecasadepaz.com.br\" target=\"_blank\" data-cp-link=\"1\" rel=\"noopener noreferrer\">OFERTAR<\/a><\/div>\n<\/div>\n<\/div>\n<\/div>\n<div  id=\"blog\" style=\"background-color: #f5fafd;\" data-label=\"Blog\" data-id=\"blog-section-mc\" data-export-id=\"blog-section-mc\" data-category=\"latest_news\" class=\"blog-section-mc blog-section-standard content-section content-section-spacing full-screen-section\">\n<div  class=\"gridContainer\">\n<div  class=\"row\">\n<div  data-type=\"column\" class=\"section-title-col\">\n<h5  class=\"\">ESTAMOS EM ATIVIDADE<\/h5>\n<h2  class=\"\">Veja algumas not\u00edcias sobre n\u00f3s<\/h2>\n<p  class=\"lead\">Queremos estar presentes em hist\u00f3rias reais e promover mudan\u00e7as verdadeiras.<\/p>\n<\/div>\n<\/div>\n<div  class=\"row\">\n<div  data-type=\"row\" data-dynamic-columns=\"handled\" data-content-shortcode=\"mesmerize_latest_news posts=&quot;27&quot; columns=&quot;4&quot; \">[mesmerize_latest_news posts=&#8221;27&#8243; columns=&#8221;4&#8243;]<\/div>\n<\/div>\n<div  class=\"row\">\n<div  class=\"text-center\"><a  class=\"button color1\" data-attr-shortcode=\"href:mesmerize_blog_link\" href=\"[mesmerize_blog_link]\">VEJA NOSSO BLOG<\/a><\/div>\n<\/div>\n<\/div>\n<\/div>\n<div  data-label=\"A Paz\" data-id=\"content--1\" data-export-id=\"content-12\" data-category=\"content\" class=\"content-12 content-section content-section-spacing\" id=\"a-paz\" style=\"background-color: #ffffff;\">\n<div  class=\"gridContainer\">\n<div  class=\"row text-center\">\n<div  class=\"section-title-col\" data-type=\"column\">\n<h2  class=\"\">A PAZ SEJA SOBRE ESSA CASA<\/h2>\n<p  class=\"lead\">O conceito de paz sobre a casa \u00e9 mais que o fim das lutas, mas o \u201cIde\u201d de Deus crendo no poder transformador de Deus sobre os lares. O Senhor \u00e9 capaz de mudar toda e qualquer circunst\u00e2ncia.<\/p>\n<\/div>\n<\/div>\n<div  class=\"row center-xs middle-xs\">\n<div  class=\"col-sm-9\" data-type=\"column\"><img  decoding=\"async\" class=\"shadow-large\" src=\"http:\/\/www.comunidadecasadepaz.com.br\/wp-content\/uploads\/2022\/05\/cropped-APAZPOSSIVEL.jpg\" alt=\"\" title=\"cropped-APAZPOSSIVEL.jpg\"><\/div>\n<\/div>\n<\/div>\n<\/div>\n<div  data-label=\"Sobre\" data-id=\"about--2\" data-export-id=\"about-10\" data-category=\"about\" class=\"about-10 content-section content-section-spacing\" id=\"sobre\" style=\"background-color: #f5fafd;\" data-bullets-visibility=\"true\">\n<div  class=\"gridContainer\">\n<div  class=\"row middle-sm text-center\">\n<div  class=\"col-sm-5 space-bottom-xs content-column\" data-type=\"column\">\n<h5  class=\"\">COMUNIDADE CASA DE PAZ<\/h5>\n<h2  class=\"\">Esteja em um lugar<br \/>\n<span  style=\"font-family: Playfair Display,sans-serif; font-weight: bold; font-style: italic;\" href=\"#\">seja Comunidade <\/span>&nbsp;seja preparado para preparar outros.<\/h2>\n<p  class=\"\">E ele designou alguns para ap\u00f3stolos, outros para profetas, outros para evangelistas, e outros para pastores e mestres, com o fim de preparar os santos para a obra do minist\u00e9rio, para que o corpo de Cristo seja edificado, at\u00e9 que todos alcancemos a unidade da f\u00e9 e do conhecimento do Filho de Deus, e cheguemos \u00e0 maturidade, atingindo a medida da plenitude de Cristo. O prop\u00f3sito \u00e9 que n\u00e3o sejamos mais como crian\u00e7as, levados de um lado para outro pelas ondas, nem jogados para c\u00e1 e para l\u00e1 por todo vento de doutrina e pela ast\u00facia e esperteza de homens que induzem ao erro. Ef\u00e9sios 4:10-14<\/p>\n<p><a class=\"button color1\" href=\"#\" target=\"_self\" data-cp-link=\"1\" rel=\"noopener\">SOMOS CASA DE PAZ<\/a><\/p>\n<\/div>\n<div  class=\"col-sm-7 flexbox middle-xs center-xs space-bottom-xs\">\n<div  class=\"overlay-box middle-xs center-xs flexbox\">\n<div  class=\"overlay-box-offset offset-border shadow-medium border-color1 hide-xs\"><\/div>\n<p><a data-cp-link=\"1\" href=\"#\" target=\"_self\" rel=\"noopener\"><img  decoding=\"async\" class=\"shadow-large\" data-size=\"485x705\" src=\"http:\/\/www.comunidadecasadepaz.com.br\/wp-content\/uploads\/2023\/03\/DSC_1413.jpg\"><\/a><\/p>\n<\/div>\n<\/div>\n<\/div>\n<\/div>\n<\/div>\n","protected":false},"excerpt":{"rendered":"<p>ENVIADOS PARA O SOL NASCENTE NO SOL NASCENTE a igreja est\u00e1&nbsp;com o prop\u00f3sito de amar pessoas e transform\u00e1-las Nessa comunidade estamos descobrindo talentos e acreditamos no potencial desse povo, que sendo tratado com respeito e amor, o evangelho encontrar\u00e1 espa\u00e7o para transforma-las e promove-las. Fomos enviados aos Sol Nascente.. SENSO DE MISS\u00c3O (IR) Alcan\u00e7ar pessoas, [&hellip;]<\/p>\n","protected":false},"author":1,"featured_media":0,"parent":0,"menu_order":0,"comment_status":"closed","ping_status":"closed","template":"page-templates\/homepage.php","meta":{"footnotes":""},"yoast_head":"<!-- This site is optimized with the Yoast SEO plugin v14.0.4 - https:\/\/yoast.com\/wordpress\/plugins\/seo\/ -->\r\n<meta name=\"robots\" content=\"index, follow\" \/>\r\n<meta name=\"googlebot\" content=\"index, follow, max-snippet:-1, max-image-preview:large, max-video-preview:-1\" \/>\r\n<meta name=\"bingbot\" content=\"index, follow, max-snippet:-1, max-image-preview:large, max-video-preview:-1\" \/>\r\n<link rel=\"canonical\" href=\"http:\/\/www.comunidadecasadepaz.com.br\/\" \/>\r\n<meta property=\"og:locale\" content=\"pt_BR\" \/>\r\n<meta property=\"og:type\" content=\"article\" \/>\r\n<meta property=\"og:title\" content=\"Igreja - Comunidade Evang\u00e9lica Casa de Paz - Sol Nascente\" \/>\r\n<meta property=\"og:description\" content=\"ENVIADOS PARA O SOL NASCENTE NO SOL NASCENTE a igreja est\u00e1&nbsp;com o prop\u00f3sito de amar pessoas e transform\u00e1-las Nessa comunidade estamos descobrindo talentos e acreditamos no potencial desse povo, que sendo tratado com respeito e amor, o evangelho encontrar\u00e1 espa\u00e7o para transforma-las e promove-las. Fomos enviados aos Sol Nascente.. SENSO DE MISS\u00c3O (IR) Alcan\u00e7ar pessoas, [&hellip;]\" \/>\r\n<meta property=\"og:url\" content=\"http:\/\/www.comunidadecasadepaz.com.br\/\" \/>\r\n<meta property=\"og:site_name\" content=\"Comunidade Evang\u00e9lica Casa de Paz - Sol Nascente\" \/>\r\n<meta property=\"article:modified_time\" content=\"2024-02-29T18:36:53+00:00\" \/>\r\n<meta property=\"og:image\" content=\"http:\/\/www.comunidadecasadepaz.com.br\/wp-content\/uploads\/2022\/12\/cropped-DSC_1132.jpg\" \/>\r\n<meta name=\"twitter:card\" content=\"summary_large_image\" \/>\r\n<script type=\"application\/ld+json\" class=\"yoast-schema-graph\">{\"@context\":\"https:\/\/schema.org\",\"@graph\":[{\"@type\":\"WebSite\",\"@id\":\"https:\/\/www.comunidadecasadepaz.com.br\/#website\",\"url\":\"https:\/\/www.comunidadecasadepaz.com.br\/\",\"name\":\"Comunidade Evang\\u00e9lica Casa de Paz - Sol Nascente\",\"description\":\"Igreja Evang\\u00e9lica no Sol Nascente\",\"potentialAction\":[{\"@type\":\"SearchAction\",\"target\":\"https:\/\/www.comunidadecasadepaz.com.br\/?s={search_term_string}\",\"query-input\":\"required name=search_term_string\"}],\"inLanguage\":\"pt-BR\"},{\"@type\":\"ImageObject\",\"@id\":\"http:\/\/www.comunidadecasadepaz.com.br\/#primaryimage\",\"inLanguage\":\"pt-BR\",\"url\":\"http:\/\/www.comunidadecasadepaz.com.br\/wp-content\/uploads\/2022\/12\/cropped-DSC_1132.jpg\"},{\"@type\":\"WebPage\",\"@id\":\"http:\/\/www.comunidadecasadepaz.com.br\/#webpage\",\"url\":\"http:\/\/www.comunidadecasadepaz.com.br\/\",\"name\":\"Igreja - Comunidade Evang\\u00e9lica Casa de Paz - Sol Nascente\",\"isPartOf\":{\"@id\":\"https:\/\/www.comunidadecasadepaz.com.br\/#website\"},\"primaryImageOfPage\":{\"@id\":\"http:\/\/www.comunidadecasadepaz.com.br\/#primaryimage\"},\"datePublished\":\"2020-11-04T13:31:35+00:00\",\"dateModified\":\"2024-02-29T18:36:53+00:00\",\"inLanguage\":\"pt-BR\",\"potentialAction\":[{\"@type\":\"ReadAction\",\"target\":[\"http:\/\/www.comunidadecasadepaz.com.br\/\"]}]}]}<\/script>\r\n<!-- \/ Yoast SEO plugin. -->","_links":{"self":[{"href":"https:\/\/www.comunidadecasadepaz.com.br\/index.php\/wp-json\/wp\/v2\/pages\/3580"}],"collection":[{"href":"https:\/\/www.comunidadecasadepaz.com.br\/index.php\/wp-json\/wp\/v2\/pages"}],"about":[{"href":"https:\/\/www.comunidadecasadepaz.com.br\/index.php\/wp-json\/wp\/v2\/types\/page"}],"author":[{"embeddable":true,"href":"https:\/\/www.comunidadecasadepaz.com.br\/index.php\/wp-json\/wp\/v2\/users\/1"}],"replies":[{"embeddable":true,"href":"https:\/\/www.comunidadecasadepaz.com.br\/index.php\/wp-json\/wp\/v2\/comments?post=3580"}],"version-history":[{"count":10,"href":"https:\/\/www.comunidadecasadepaz.com.br\/index.php\/wp-json\/wp\/v2\/pages\/3580\/revisions"}],"predecessor-version":[{"id":4245,"href":"https:\/\/www.comunidadecasadepaz.com.br\/index.php\/wp-json\/wp\/v2\/pages\/3580\/revisions\/4245"}],"wp:attachment":[{"href":"https:\/\/www.comunidadecasadepaz.com.br\/index.php\/wp-json\/wp\/v2\/media?parent=3580"}],"curies":[{"name":"wp","href":"https:\/\/api.w.org\/{rel}","templated":true}]}}